{"id":11,"date":"2022-03-22T15:34:15","date_gmt":"2022-03-22T18:34:15","guid":{"rendered":"https:\/\/www.espacocaiapia.com.br\/blog\/?page_id=11"},"modified":"2022-04-25T14:08:37","modified_gmt":"2022-04-25T17:08:37","slug":"home","status":"publish","type":"page","link":"https:\/\/www.espacocaiapia.com.br\/blog\/","title":{"rendered":"Blog"},"content":{"rendered":"\n\t\t\t<div class=\"uagb-post-grid posts-blog uagb-post__image-position-top uagb-block-fe69691b   \" data-total=\"2\">\n\n\t\t\t\t<div class=\"uagb-post__items uagb-post__columns-2 is-masonry uagb-post__columns-tablet-2 uagb-post__columns-mobile-1\">\n\n\t\t\t\t\t\t\t\t<article >\n\t\t\t\t\t\t\t\t\t\t<div class=\"uagb-post__inner-wrap\">\n\t\t\t\t\t\t\t\t\t\t\t\t\t\t\t<div class='uagb-post__text'> \n\t\t\t\t<h2 class=\"uagb-post__title\">\n\t\t\t\t\t<a href=\"https:\/\/www.espacocaiapia.com.br\/blog\/barilla\/\" target=\"_self\" rel=\"bookmark noopener noreferrer\">Barilla<\/a>\n\t\t\t\t<\/h2>\n\t\t\t<\/div>\n\t\t\t\t\t\t<div class='uagb-post__text'> \n\t\t\t<div class=\"uagb-post-grid-byline\">\n\t\t\t\t\t\t\t\t<time datetime=\"2023-01-12T18:16:03-03:00\" class=\"uagb-post__date\">\n\t\t\t\t\t<span class=\"dashicons-calendar dashicons\"><\/span>\n\t\t\t\t\t12 de janeiro de 2023\t\t\t\t<\/time>\n\t\t\t\t\t\t<\/div>\n\t\t\t<\/div>\n\t\t\t\t\t\t\t<div class='uagb-post__text'> \n\t\t\t\t\t<div class=\"uagb-post__excerpt\">\n\t\t\t\t\t\tEvento corporativo para Barilla do Brasil dias 03 e 04 de agosto de 2022.\t\t\t\t\t<\/div>\n\t\t\t<\/div>\n\t\t\t\t\t\t\t\t<\/div>\n\t\t\t\t\t\t\t\t\t<\/article>\n\t\t\t\t\t\t\t\t<article >\n\t\t\t\t\t\t\t\t\t\t<div class=\"uagb-post__inner-wrap\">\n\t\t\t\t\t\t\t\t\t\t\t\t\t\t\t<div class='uagb-post__text'> \n\t\t\t\t<h2 class=\"uagb-post__title\">\n\t\t\t\t\t<a href=\"https:\/\/www.espacocaiapia.com.br\/blog\/nossa-decoracao\/\" target=\"_self\" rel=\"bookmark noopener noreferrer\">Nossa decora\u00e7\u00e3o<\/a>\n\t\t\t\t<\/h2>\n\t\t\t<\/div>\n\t\t\t\t\t\t<div class='uagb-post__text'> \n\t\t\t<div class=\"uagb-post-grid-byline\">\n\t\t\t\t\t\t\t\t<time datetime=\"2023-01-12T11:52:08-03:00\" class=\"uagb-post__date\">\n\t\t\t\t\t<span class=\"dashicons-calendar dashicons\"><\/span>\n\t\t\t\t\t12 de janeiro de 2023\t\t\t\t<\/time>\n\t\t\t\t\t\t<\/div>\n\t\t\t<\/div>\n\t\t\t\t\t\t\t<div class='uagb-post__text'> \n\t\t\t\t\t<div class=\"uagb-post__excerpt\">\n\t\t\t\t\t\tNossa proposta de decora\u00e7\u00e3o tem como principal objetivo atender situa\u00e7\u00f5es e personalidades diferentes usando nosso \u2026\t\t\t\t\t<\/div>\n\t\t\t<\/div>\n\t\t\t\t\t\t\t\t<\/div>\n\t\t\t\t\t\t\t\t\t<\/article>\n\t\t\t\t\t\t\t\t<article >\n\t\t\t\t\t\t\t\t\t\t<div class=\"uagb-post__inner-wrap\">\n\t\t\t\t\t\t\t\t\t\t\t\t\t\t\t<div class='uagb-post__text'> \n\t\t\t\t<h2 class=\"uagb-post__title\">\n\t\t\t\t\t<a href=\"https:\/\/www.espacocaiapia.com.br\/blog\/decoracao-floral\/\" target=\"_self\" rel=\"bookmark noopener noreferrer\">Decora\u00e7\u00e3o FLORAL<\/a>\n\t\t\t\t<\/h2>\n\t\t\t<\/div>\n\t\t\t\t\t\t<div class='uagb-post__text'> \n\t\t\t<div class=\"uagb-post-grid-byline\">\n\t\t\t\t\t\t\t\t<time datetime=\"2023-01-12T10:36:29-03:00\" class=\"uagb-post__date\">\n\t\t\t\t\t<span class=\"dashicons-calendar dashicons\"><\/span>\n\t\t\t\t\t12 de janeiro de 2023\t\t\t\t<\/time>\n\t\t\t\t\t\t<\/div>\n\t\t\t<\/div>\n\t\t\t\t\t\t\t<div class='uagb-post__text'> \n\t\t\t\t\t<div class=\"uagb-post__excerpt\">\n\t\t\t\t\t\tAgrada aos noivos cl\u00e1ssicos ou rom\u00e2nticos. Usamos as flores da esta\u00e7\u00e3o e seguimos a paleta \u2026\t\t\t\t\t<\/div>\n\t\t\t<\/div>\n\t\t\t\t\t\t\t\t<\/div>\n\t\t\t\t\t\t\t\t\t<\/article>\n\t\t\t\t\t\t\t\t<article >\n\t\t\t\t\t\t\t\t\t\t<div class=\"uagb-post__inner-wrap\">\n\t\t\t\t\t\t\t\t\t\t\t\t\t\t\t<div class='uagb-post__text'> \n\t\t\t\t<h2 class=\"uagb-post__title\">\n\t\t\t\t\t<a href=\"https:\/\/www.espacocaiapia.com.br\/blog\/decoracao-botanica\/\" target=\"_self\" rel=\"bookmark noopener noreferrer\">Decora\u00e7\u00e3o BOT\u00c2NICA<\/a>\n\t\t\t\t<\/h2>\n\t\t\t<\/div>\n\t\t\t\t\t\t<div class='uagb-post__text'> \n\t\t\t<div class=\"uagb-post-grid-byline\">\n\t\t\t\t\t\t\t\t<time datetime=\"2023-01-12T09:55:02-03:00\" class=\"uagb-post__date\">\n\t\t\t\t\t<span class=\"dashicons-calendar dashicons\"><\/span>\n\t\t\t\t\t12 de janeiro de 2023\t\t\t\t<\/time>\n\t\t\t\t\t\t<\/div>\n\t\t\t<\/div>\n\t\t\t\t\t\t\t<div class='uagb-post__text'> \n\t\t\t\t\t<div class=\"uagb-post__excerpt\">\n\t\t\t\t\t\tTotalmente atemporal costuma agradar a todos. Usamos muitas folhagens, samambaias, palmeiras, costela de Ad\u00e3o, mas \u2026\t\t\t\t\t<\/div>\n\t\t\t<\/div>\n\t\t\t\t\t\t\t\t<\/div>\n\t\t\t\t\t\t\t\t\t<\/article>\n\t\t\t\t\t\t\t\t<article >\n\t\t\t\t\t\t\t\t\t\t<div class=\"uagb-post__inner-wrap\">\n\t\t\t\t\t\t\t\t\t\t\t\t\t\t\t<div class='uagb-post__text'> \n\t\t\t\t<h2 class=\"uagb-post__title\">\n\t\t\t\t\t<a href=\"https:\/\/www.espacocaiapia.com.br\/blog\/decoracao-boho\/\" target=\"_self\" rel=\"bookmark noopener noreferrer\">Decora\u00e7\u00e3o BOHO<\/a>\n\t\t\t\t<\/h2>\n\t\t\t<\/div>\n\t\t\t\t\t\t<div class='uagb-post__text'> \n\t\t\t<div class=\"uagb-post-grid-byline\">\n\t\t\t\t\t\t\t\t<time datetime=\"2023-01-11T17:22:21-03:00\" class=\"uagb-post__date\">\n\t\t\t\t\t<span class=\"dashicons-calendar dashicons\"><\/span>\n\t\t\t\t\t11 de janeiro de 2023\t\t\t\t<\/time>\n\t\t\t\t\t\t<\/div>\n\t\t\t<\/div>\n\t\t\t\t\t\t\t<div class='uagb-post__text'> \n\t\t\t\t\t<div class=\"uagb-post__excerpt\">\n\t\t\t\t\t\tMuito na moda, hoje \u00e9 a queridinha dos mais jovens, a id\u00e9ia \u00e9 criar um \u2026\t\t\t\t\t<\/div>\n\t\t\t<\/div>\n\t\t\t\t\t\t\t\t<\/div>\n\t\t\t\t\t\t\t\t\t<\/article>\n\t\t\t\t\t\t\t\t<article >\n\t\t\t\t\t\t\t\t\t\t<div class=\"uagb-post__inner-wrap\">\n\t\t\t\t\t\t\t\t\t\t\t\t\t\t\t<div class='uagb-post__text'> \n\t\t\t\t<h2 class=\"uagb-post__title\">\n\t\t\t\t\t<a href=\"https:\/\/www.espacocaiapia.com.br\/blog\/guarde-com-carinho-suas-fotos\/\" target=\"_self\" rel=\"bookmark noopener noreferrer\">Guarde com carinho suas fotos.<\/a>\n\t\t\t\t<\/h2>\n\t\t\t<\/div>\n\t\t\t\t\t\t<div class='uagb-post__text'> \n\t\t\t<div class=\"uagb-post-grid-byline\">\n\t\t\t\t\t\t\t\t<time datetime=\"2022-05-23T11:43:55-03:00\" class=\"uagb-post__date\">\n\t\t\t\t\t<span class=\"dashicons-calendar dashicons\"><\/span>\n\t\t\t\t\t23 de maio de 2022\t\t\t\t<\/time>\n\t\t\t\t\t\t<\/div>\n\t\t\t<\/div>\n\t\t\t\t\t\t\t<div class='uagb-post__text'> \n\t\t\t\t\t<div class=\"uagb-post__excerpt\">\n\t\t\t\t\t\tHoje pensei na import\u00e2ncia das fotos da festa de casamento, fiquei com o \u00e1lbum de \u2026\t\t\t\t\t<\/div>\n\t\t\t<\/div>\n\t\t\t\t\t\t\t\t<\/div>\n\t\t\t\t\t\t\t\t\t<\/article>\n\t\t\t\t\t\t\t\t<article >\n\t\t\t\t\t\t\t\t\t\t<div class=\"uagb-post__inner-wrap\">\n\t\t\t\t\t\t\t\t\t\t\t\t\t\t\t<div class='uagb-post__text'> \n\t\t\t\t<h2 class=\"uagb-post__title\">\n\t\t\t\t\t<a href=\"https:\/\/www.espacocaiapia.com.br\/blog\/video-touchfilmes\/\" target=\"_self\" rel=\"bookmark noopener noreferrer\">V\u00eddeo @touchfilmes<\/a>\n\t\t\t\t<\/h2>\n\t\t\t<\/div>\n\t\t\t\t\t\t<div class='uagb-post__text'> \n\t\t\t<div class=\"uagb-post-grid-byline\">\n\t\t\t\t\t\t\t\t<time datetime=\"2022-05-10T18:05:52-03:00\" class=\"uagb-post__date\">\n\t\t\t\t\t<span class=\"dashicons-calendar dashicons\"><\/span>\n\t\t\t\t\t10 de maio de 2022\t\t\t\t<\/time>\n\t\t\t\t\t\t<\/div>\n\t\t\t<\/div>\n\t\t\t\t\t\t\t<div class='uagb-post__text'> \n\t\t\t\t\t<div class=\"uagb-post__excerpt\">\n\t\t\t\t\t\tV\u00eddeo institucional &#8211; Espa\u00e7o Caiapi\u00e1\r\n \t\r\n\r\n&nbsp;\t\t\t\t\t<\/div>\n\t\t\t<\/div>\n\t\t\t\t\t\t\t\t<\/div>\n\t\t\t\t\t\t\t\t\t<\/article>\n\t\t\t\t\t\t\t\t<article >\n\t\t\t\t\t\t\t\t\t\t<div class=\"uagb-post__inner-wrap\">\n\t\t\t\t\t\t\t\t\t\t\t\t\t\t\t<div class='uagb-post__text'> \n\t\t\t\t<h2 class=\"uagb-post__title\">\n\t\t\t\t\t<a href=\"https:\/\/www.espacocaiapia.com.br\/blog\/video-clip-the-gallas-orquestra\/\" target=\"_self\" rel=\"bookmark noopener noreferrer\">V\u00eddeo Clip &#8211; The Gallas Orquestra<\/a>\n\t\t\t\t<\/h2>\n\t\t\t<\/div>\n\t\t\t\t\t\t<div class='uagb-post__text'> \n\t\t\t<div class=\"uagb-post-grid-byline\">\n\t\t\t\t\t\t\t\t<time datetime=\"2022-05-09T11:05:29-03:00\" class=\"uagb-post__date\">\n\t\t\t\t\t<span class=\"dashicons-calendar dashicons\"><\/span>\n\t\t\t\t\t9 de maio de 2022\t\t\t\t<\/time>\n\t\t\t\t\t\t<\/div>\n\t\t\t<\/div>\n\t\t\t\t\t\t\t<div class='uagb-post__text'> \n\t\t\t\t\t<div class=\"uagb-post__excerpt\">\n\t\t\t\t\t\tV\u00eddeo Clip 1 &#8211; gravado no Espa\u00e7o Caiapi\u00e1 em Mar\u00e7o 2022\r\n\r\n\r\n\r\nV\u00eddeo Clip 2 &#8211; gravado \u2026\t\t\t\t\t<\/div>\n\t\t\t<\/div>\n\t\t\t\t\t\t\t\t<\/div>\n\t\t\t\t\t\t\t\t\t<\/article>\n\t\t\t\t\t\t\t\t<article >\n\t\t\t\t\t\t\t\t\t\t<div class=\"uagb-post__inner-wrap\">\n\t\t\t\t\t\t\t\t\t\t\t\t\t\t\t<div class='uagb-post__text'> \n\t\t\t\t<h2 class=\"uagb-post__title\">\n\t\t\t\t\t<a href=\"https:\/\/www.espacocaiapia.com.br\/blog\/saiu-no-zankyou-em-maio-2022\/\" target=\"_self\" rel=\"bookmark noopener noreferrer\">Saiu  no Zankyou em Maio 2022<\/a>\n\t\t\t\t<\/h2>\n\t\t\t<\/div>\n\t\t\t\t\t\t<div class='uagb-post__text'> \n\t\t\t<div class=\"uagb-post-grid-byline\">\n\t\t\t\t\t\t\t\t<time datetime=\"2022-05-03T17:22:01-03:00\" class=\"uagb-post__date\">\n\t\t\t\t\t<span class=\"dashicons-calendar dashicons\"><\/span>\n\t\t\t\t\t3 de maio de 2022\t\t\t\t<\/time>\n\t\t\t\t\t\t<\/div>\n\t\t\t<\/div>\n\t\t\t\t\t\t\t<div class='uagb-post__text'> \n\t\t\t\t\t<div class=\"uagb-post__excerpt\">\n\t\t\t\t\t\tEspa\u00e7o Caiapi\u00e1: Lindo local para casar integrado \u00e0 natureza na Granja Viana\r\nConhe\u00e7a este espa\u00e7o idealizado \u2026\t\t\t\t\t<\/div>\n\t\t\t<\/div>\n\t\t\t\t\t\t\t\t<\/div>\n\t\t\t\t\t\t\t\t\t<\/article>\n\t\t\t\t\t\t\t\t<\/div>\n\t\t\t\t\t\t\t\t\t\t\t<div class=\"uagb-post-inf-loader\" style=\"display: none;\">\n\t\t\t\t\t\t\t\t<div class=\"uagb-post-loader-1\"><\/div>\n\t\t\t\t\t\t\t\t<div class=\"uagb-post-loader-2\"><\/div>\n\t\t\t\t\t\t\t\t<div class=\"uagb-post-loader-3\"><\/div>\n\t\t\t\t\t\t\t<\/div>\n\t\t\t\t\t\t\t\t\t\t<\/div>\n\t\t\t","protected":false},"excerpt":{"rendered":"","protected":false},"author":1,"featured_media":0,"parent":0,"menu_order":0,"comment_status":"closed","ping_status":"closed","template":"","meta":{"site-sidebar-layout":"default","site-content-layout":"default","ast-main-header-display":"","ast-hfb-above-header-display":"","ast-hfb-below-header-display":"","ast-hfb-mobile-header-display":"","site-post-title":"disabled","ast-breadcrumbs-content":"","ast-featured-img":"","footer-sml-layout":"","theme-transparent-header-meta":"disabled","adv-header-id-meta":"","stick-header-meta":"","header-above-stick-meta":"","header-main-stick-meta":"","header-below-stick-meta":"","footnotes":""},"uagb_featured_image_src":{"full":false,"thumbnail":false,"medium":false,"medium_large":false,"large":false,"1536x1536":false,"2048x2048":false},"uagb_author_info":{"display_name":"admin","author_link":"https:\/\/www.espacocaiapia.com.br\/blog\/author\/admin\/"},"uagb_comment_info":0,"uagb_excerpt":null,"_links":{"self":[{"href":"https:\/\/www.espacocaiapia.com.br\/blog\/wp-json\/wp\/v2\/pages\/11"}],"collection":[{"href":"https:\/\/www.espacocaiapia.com.br\/blog\/wp-json\/wp\/v2\/pages"}],"about":[{"href":"https:\/\/www.espacocaiapia.com.br\/blog\/wp-json\/wp\/v2\/types\/page"}],"author":[{"embeddable":true,"href":"https:\/\/www.espacocaiapia.com.br\/blog\/wp-json\/wp\/v2\/users\/1"}],"replies":[{"embeddable":true,"href":"https:\/\/www.espacocaiapia.com.br\/blog\/wp-json\/wp\/v2\/comments?post=11"}],"version-history":[{"count":33,"href":"https:\/\/www.espacocaiapia.com.br\/blog\/wp-json\/wp\/v2\/pages\/11\/revisions"}],"predecessor-version":[{"id":221,"href":"https:\/\/www.espacocaiapia.com.br\/blog\/wp-json\/wp\/v2\/pages\/11\/revisions\/221"}],"wp:attachment":[{"href":"https:\/\/www.espacocaiapia.com.br\/blog\/wp-json\/wp\/v2\/media?parent=11"}],"curies":[{"name":"wp","href":"https:\/\/api.w.org\/{rel}","templated":true}]}}